{"id":118,"date":"2022-12-05T11:56:46","date_gmt":"2022-12-05T15:56:46","guid":{"rendered":"https:\/\/www.chaletsparleebeach.ca\/?page_id=118"},"modified":"2025-02-09T14:08:28","modified_gmt":"2025-02-09T18:08:28","slug":"accueil","status":"publish","type":"page","link":"https:\/\/www.chaletsparleebeach.ca\/fr\/","title":{"rendered":"Accueil"},"content":{"rendered":"","protected":false},"excerpt":{"rendered":"","protected":false},"author":1,"featured_media":0,"parent":0,"menu_order":0,"comment_status":"closed","ping_status":"closed","template":"","meta":{"footnotes":""},"class_list":["post-118","page","type-page","status-publish","hentry"],"yoast_head":"<!-- This site is optimized with the Yoast SEO plugin v27.5 - https:\/\/yoast.com\/product\/yoast-seo-wordpress\/ -->\n<title>Chalets Parlee Beach - Location de chalets \u00e0 Shediac, N.-B.<\/title>\n<meta name=\"description\" content=\"Les Chalets Parlee Beach ont tout ce dont vous avez besoin pour passer des journ\u00e9es et des nuits confortables dans une destination touristique de premier ordre, \u00e0 quelques minutes de la plage Parlee.\" \/>\n<meta name=\"robots\" content=\"index, follow, max-snippet:-1, max-image-preview:large, max-video-preview:-1\" \/>\n<link rel=\"canonical\" href=\"https:\/\/www.chaletsparleebeach.ca\/fr\/\" \/>\n<meta property=\"og:locale\" content=\"fr_FR\" \/>\n<meta property=\"og:type\" content=\"article\" \/>\n<meta property=\"og:title\" content=\"Chalets Parlee Beach - Location de chalets \u00e0 Shediac, N.-B.\" \/>\n<meta property=\"og:description\" content=\"Les Chalets Parlee Beach ont tout ce dont vous avez besoin pour passer des journ\u00e9es et des nuits confortables dans une destination touristique de premier ordre, \u00e0 quelques minutes de la plage Parlee.\" \/>\n<meta property=\"og:url\" content=\"https:\/\/www.chaletsparleebeach.ca\/fr\/\" \/>\n<meta property=\"og:site_name\" content=\"Chalets Parlee Beach\" \/>\n<meta property=\"article:publisher\" content=\"https:\/\/www.facebook.com\/ChaletsParleeBeach\/\" \/>\n<meta property=\"article:modified_time\" content=\"2025-02-09T18:08:28+00:00\" \/>\n<meta property=\"og:image\" content=\"https:\/\/www.chaletsparleebeach.ca\/wp-content\/uploads\/2023\/01\/home-scaled.jpg\" \/>\n\t<meta property=\"og:image:width\" content=\"2560\" \/>\n\t<meta property=\"og:image:height\" content=\"1440\" \/>\n\t<meta property=\"og:image:type\" content=\"image\/jpeg\" \/>\n<meta name=\"twitter:card\" content=\"summary_large_image\" \/>\n<script type=\"application\/ld+json\" class=\"yoast-schema-graph\">{\"@context\":\"https:\\\/\\\/schema.org\",\"@graph\":[{\"@type\":\"WebPage\",\"@id\":\"https:\\\/\\\/www.chaletsparleebeach.ca\\\/fr\\\/\",\"url\":\"https:\\\/\\\/www.chaletsparleebeach.ca\\\/fr\\\/\",\"name\":\"Chalets Parlee Beach - Location de chalets \u00e0 Shediac, N.-B.\",\"isPartOf\":{\"@id\":\"https:\\\/\\\/www.chaletsparleebeach.ca\\\/fr\\\/#website\"},\"datePublished\":\"2022-12-05T15:56:46+00:00\",\"dateModified\":\"2025-02-09T18:08:28+00:00\",\"description\":\"Les Chalets Parlee Beach ont tout ce dont vous avez besoin pour passer des journ\u00e9es et des nuits confortables dans une destination touristique de premier ordre, \u00e0 quelques minutes de la plage Parlee.\",\"breadcrumb\":{\"@id\":\"https:\\\/\\\/www.chaletsparleebeach.ca\\\/fr\\\/#breadcrumb\"},\"inLanguage\":\"fr-FR\",\"potentialAction\":[{\"@type\":\"ReadAction\",\"target\":[\"https:\\\/\\\/www.chaletsparleebeach.ca\\\/fr\\\/\"]}]},{\"@type\":\"BreadcrumbList\",\"@id\":\"https:\\\/\\\/www.chaletsparleebeach.ca\\\/fr\\\/#breadcrumb\",\"itemListElement\":[{\"@type\":\"ListItem\",\"position\":1,\"name\":\"Home\",\"item\":\"https:\\\/\\\/www.chaletsparleebeach.ca\\\/fr\\\/\"},{\"@type\":\"ListItem\",\"position\":2,\"name\":\"Accueil\"}]},{\"@type\":\"WebSite\",\"@id\":\"https:\\\/\\\/www.chaletsparleebeach.ca\\\/fr\\\/#website\",\"url\":\"https:\\\/\\\/www.chaletsparleebeach.ca\\\/fr\\\/\",\"name\":\"Chalets Parlee Beach\",\"description\":\"\",\"publisher\":{\"@id\":\"https:\\\/\\\/www.chaletsparleebeach.ca\\\/fr\\\/#organization\"},\"potentialAction\":[{\"@type\":\"SearchAction\",\"target\":{\"@type\":\"EntryPoint\",\"urlTemplate\":\"https:\\\/\\\/www.chaletsparleebeach.ca\\\/fr\\\/?s={search_term_string}\"},\"query-input\":{\"@type\":\"PropertyValueSpecification\",\"valueRequired\":true,\"valueName\":\"search_term_string\"}}],\"inLanguage\":\"fr-FR\"},{\"@type\":\"Organization\",\"@id\":\"https:\\\/\\\/www.chaletsparleebeach.ca\\\/fr\\\/#organization\",\"name\":\"Chalets Parlee Beach\",\"url\":\"https:\\\/\\\/www.chaletsparleebeach.ca\\\/fr\\\/\",\"logo\":{\"@type\":\"ImageObject\",\"inLanguage\":\"fr-FR\",\"@id\":\"https:\\\/\\\/www.chaletsparleebeach.ca\\\/fr\\\/#\\\/schema\\\/logo\\\/image\\\/\",\"url\":\"https:\\\/\\\/www.chaletsparleebeach.ca\\\/wp-content\\\/uploads\\\/2023\\\/01\\\/logo-on-white.png\",\"contentUrl\":\"https:\\\/\\\/www.chaletsparleebeach.ca\\\/wp-content\\\/uploads\\\/2023\\\/01\\\/logo-on-white.png\",\"width\":675,\"height\":252,\"caption\":\"Chalets Parlee Beach\"},\"image\":{\"@id\":\"https:\\\/\\\/www.chaletsparleebeach.ca\\\/fr\\\/#\\\/schema\\\/logo\\\/image\\\/\"},\"sameAs\":[\"https:\\\/\\\/www.facebook.com\\\/ChaletsParleeBeach\\\/\",\"https:\\\/\\\/www.tripadvisor.ca\\\/Hotel_Review-g154961-d1825996-Reviews-Chalets_Parlee_Beach-Shediac_New_Brunswick.html\"]}]}<\/script>\n<!-- \/ Yoast SEO plugin. -->","yoast_head_json":{"title":"Chalets Parlee Beach - Location de chalets \u00e0 Shediac, N.-B.","description":"Les Chalets Parlee Beach ont tout ce dont vous avez besoin pour passer des journ\u00e9es et des nuits confortables dans une destination touristique de premier ordre, \u00e0 quelques minutes de la plage Parlee.","robots":{"index":"index","follow":"follow","max-snippet":"max-snippet:-1","max-image-preview":"max-image-preview:large","max-video-preview":"max-video-preview:-1"},"canonical":"https:\/\/www.chaletsparleebeach.ca\/fr\/","og_locale":"fr_FR","og_type":"article","og_title":"Chalets Parlee Beach - Location de chalets \u00e0 Shediac, N.-B.","og_description":"Les Chalets Parlee Beach ont tout ce dont vous avez besoin pour passer des journ\u00e9es et des nuits confortables dans une destination touristique de premier ordre, \u00e0 quelques minutes de la plage Parlee.","og_url":"https:\/\/www.chaletsparleebeach.ca\/fr\/","og_site_name":"Chalets Parlee Beach","article_publisher":"https:\/\/www.facebook.com\/ChaletsParleeBeach\/","article_modified_time":"2025-02-09T18:08:28+00:00","og_image":[{"width":2560,"height":1440,"url":"https:\/\/www.chaletsparleebeach.ca\/wp-content\/uploads\/2023\/01\/home-scaled.jpg","type":"image\/jpeg"}],"twitter_card":"summary_large_image","schema":{"@context":"https:\/\/schema.org","@graph":[{"@type":"WebPage","@id":"https:\/\/www.chaletsparleebeach.ca\/fr\/","url":"https:\/\/www.chaletsparleebeach.ca\/fr\/","name":"Chalets Parlee Beach - Location de chalets \u00e0 Shediac, N.-B.","isPartOf":{"@id":"https:\/\/www.chaletsparleebeach.ca\/fr\/#website"},"datePublished":"2022-12-05T15:56:46+00:00","dateModified":"2025-02-09T18:08:28+00:00","description":"Les Chalets Parlee Beach ont tout ce dont vous avez besoin pour passer des journ\u00e9es et des nuits confortables dans une destination touristique de premier ordre, \u00e0 quelques minutes de la plage Parlee.","breadcrumb":{"@id":"https:\/\/www.chaletsparleebeach.ca\/fr\/#breadcrumb"},"inLanguage":"fr-FR","potentialAction":[{"@type":"ReadAction","target":["https:\/\/www.chaletsparleebeach.ca\/fr\/"]}]},{"@type":"BreadcrumbList","@id":"https:\/\/www.chaletsparleebeach.ca\/fr\/#breadcrumb","itemListElement":[{"@type":"ListItem","position":1,"name":"Home","item":"https:\/\/www.chaletsparleebeach.ca\/fr\/"},{"@type":"ListItem","position":2,"name":"Accueil"}]},{"@type":"WebSite","@id":"https:\/\/www.chaletsparleebeach.ca\/fr\/#website","url":"https:\/\/www.chaletsparleebeach.ca\/fr\/","name":"Chalets Parlee Beach","description":"","publisher":{"@id":"https:\/\/www.chaletsparleebeach.ca\/fr\/#organization"},"potentialAction":[{"@type":"SearchAction","target":{"@type":"EntryPoint","urlTemplate":"https:\/\/www.chaletsparleebeach.ca\/fr\/?s={search_term_string}"},"query-input":{"@type":"PropertyValueSpecification","valueRequired":true,"valueName":"search_term_string"}}],"inLanguage":"fr-FR"},{"@type":"Organization","@id":"https:\/\/www.chaletsparleebeach.ca\/fr\/#organization","name":"Chalets Parlee Beach","url":"https:\/\/www.chaletsparleebeach.ca\/fr\/","logo":{"@type":"ImageObject","inLanguage":"fr-FR","@id":"https:\/\/www.chaletsparleebeach.ca\/fr\/#\/schema\/logo\/image\/","url":"https:\/\/www.chaletsparleebeach.ca\/wp-content\/uploads\/2023\/01\/logo-on-white.png","contentUrl":"https:\/\/www.chaletsparleebeach.ca\/wp-content\/uploads\/2023\/01\/logo-on-white.png","width":675,"height":252,"caption":"Chalets Parlee Beach"},"image":{"@id":"https:\/\/www.chaletsparleebeach.ca\/fr\/#\/schema\/logo\/image\/"},"sameAs":["https:\/\/www.facebook.com\/ChaletsParleeBeach\/","https:\/\/www.tripadvisor.ca\/Hotel_Review-g154961-d1825996-Reviews-Chalets_Parlee_Beach-Shediac_New_Brunswick.html"]}]}},"_links":{"self":[{"href":"https:\/\/www.chaletsparleebeach.ca\/fr\/wp-json\/wp\/v2\/pages\/118","targetHints":{"allow":["GET"]}}],"collection":[{"href":"https:\/\/www.chaletsparleebeach.ca\/fr\/wp-json\/wp\/v2\/pages"}],"about":[{"href":"https:\/\/www.chaletsparleebeach.ca\/fr\/wp-json\/wp\/v2\/types\/page"}],"author":[{"embeddable":true,"href":"https:\/\/www.chaletsparleebeach.ca\/fr\/wp-json\/wp\/v2\/users\/1"}],"replies":[{"embeddable":true,"href":"https:\/\/www.chaletsparleebeach.ca\/fr\/wp-json\/wp\/v2\/comments?post=118"}],"version-history":[{"count":1,"href":"https:\/\/www.chaletsparleebeach.ca\/fr\/wp-json\/wp\/v2\/pages\/118\/revisions"}],"predecessor-version":[{"id":119,"href":"https:\/\/www.chaletsparleebeach.ca\/fr\/wp-json\/wp\/v2\/pages\/118\/revisions\/119"}],"wp:attachment":[{"href":"https:\/\/www.chaletsparleebeach.ca\/fr\/wp-json\/wp\/v2\/media?parent=118"}],"curies":[{"name":"wp","href":"https:\/\/api.w.org\/{rel}","templated":true}]}}